{"id":994,"date":"2020-03-02T18:08:52","date_gmt":"2020-03-02T17:08:52","guid":{"rendered":"https:\/\/www.massihotels.com\/servizi-hotel-kontiki-milano-maittima\/"},"modified":"2020-03-20T11:30:28","modified_gmt":"2020-03-20T10:30:28","slug":"services-hotel-kontiki-milano-marittima","status":"publish","type":"page","link":"https:\/\/www.massihotels.com\/fr\/services-hotel-kontiki-milano-marittima\/","title":{"rendered":"Services \u00e0 votre disposition"},"content":{"rendered":"<p>Disposent de : conditionn\u00e9 chaud et froid, t\u00e9l\u00e9phone, WI FI gratuit, TV satellite LCD, bains \u00e0 remous et douches, s\u00e8che-cheveux, coffre-fort.<\/p>\n<h4>Bien-\u00eatre in Suites&#8230;<\/h4>\n<p>Les appartements modernes et insonoris\u00e9s disposent de:<\/p>\n<ul>\n<li>Climatisation chaude et froide<\/li>\n<li>T\u00e9l\u00e9phone<\/li>\n<li>WI-Fi gratuit<\/li>\n<li>TV LCD sat.<\/li>\n<li>Vasques et douches hydro-massage<\/li>\n<li>S\u00e8che cheveux<\/li>\n<li>Coffre-fort<\/li>\n<\/ul>\n<h4>&#8230;et \u00e0 l&rsquo;ext\u00e9rieur!<\/h4>\n<ul>\n<li>Grandes terrasses<\/li>\n<li>Jacuzzi dans le jardin avec solarium<\/li>\n<li>Petit d\u00e9jeuner jusqu\u2019\u00e0 12h<\/li>\n<\/ul>\n<h4>Check in du 15.00 Check out jusqu&rsquo;\u00e0 12.00<\/h4>\n<h4>Assurance voyage<\/h4>\n<ul>\n<li>Le d\u00e9p\u00f4t ne sera rembours\u00e9 que s&rsquo;il est s\u00e9curis\u00e9 via le lien<\/li>\n<\/ul>\n<p><a href=\"https:\/\/www.aga-affiliate.it\/eng\/kontikisuites\/\" target=\"_blank\" rel=\"noopener noreferrer\"><img loading=\"lazy\" decoding=\"async\" class=\"alignnone wp-image-921 size-medium\" src=\"https:\/\/www.massihotels.com\/wp-content\/uploads\/2020\/03\/allianz_en-300x250.jpg\" alt=\"\" width=\"300\" height=\"250\" data-big-size=\"300x250\" \/><\/a><\/p>\n","protected":false},"excerpt":{"rendered":"<p>Disposent de : conditionn\u00e9 chaud et froid, t\u00e9l\u00e9phone, WI FI gratuit, TV satellite LCD, bains \u00e0 remous et douches, s\u00e8che-cheveux, coffre-fort. Bien-\u00eatre in Suites&#8230; Les appartements modernes et insonoris\u00e9s disposent de: Climatisation chaude et froide T\u00e9l\u00e9phone WI-Fi gratuit TV LCD sat. Vasques et douches hydro-massage S\u00e8che cheveux Coffre-fort &#8230;et \u00e0 l&rsquo;ext\u00e9rieur! Grandes terrasses Jacuzzi dans le jardin avec solarium Petit d\u00e9jeuner jusqu\u2019\u00e0 12h Check in du 15.00 Check out jusqu&rsquo;\u00e0 &#8230;<\/p>\n","protected":false},"author":1,"featured_media":625,"parent":0,"menu_order":0,"comment_status":"closed","ping_status":"closed","template":"","meta":{"_acf_changed":false},"class_list":["post-994","page","type-page","status-publish","has-post-thumbnail","hentry"],"acf":[],"_links":{"self":[{"href":"https:\/\/www.massihotels.com\/fr\/wp-json\/wp\/v2\/pages\/994","targetHints":{"allow":["GET"]}}],"collection":[{"href":"https:\/\/www.massihotels.com\/fr\/wp-json\/wp\/v2\/pages"}],"about":[{"href":"https:\/\/www.massihotels.com\/fr\/wp-json\/wp\/v2\/types\/page"}],"author":[{"embeddable":true,"href":"https:\/\/www.massihotels.com\/fr\/wp-json\/wp\/v2\/users\/1"}],"replies":[{"embeddable":true,"href":"https:\/\/www.massihotels.com\/fr\/wp-json\/wp\/v2\/comments?post=994"}],"version-history":[{"count":0,"href":"https:\/\/www.massihotels.com\/fr\/wp-json\/wp\/v2\/pages\/994\/revisions"}],"wp:featuredmedia":[{"embeddable":true,"href":"https:\/\/www.massihotels.com\/fr\/wp-json\/wp\/v2\/media\/625"}],"wp:attachment":[{"href":"https:\/\/www.massihotels.com\/fr\/wp-json\/wp\/v2\/media?parent=994"}],"curies":[{"name":"wp","href":"https:\/\/api.w.org\/{rel}","templated":true}]}}