{"id":932,"date":"2020-03-03T14:56:29","date_gmt":"2020-03-03T13:56:29","guid":{"rendered":"https:\/\/www.massihotels.com\/milanomarittima-lidodisavio\/"},"modified":"2020-03-20T10:39:08","modified_gmt":"2020-03-20T09:39:08","slug":"milanomarittima-lidodisavio","status":"publish","type":"page","link":"https:\/\/www.massihotels.com\/fr\/milanomarittima-lidodisavio\/","title":{"rendered":"Enjoy Milano Marittima et Lido di Savio"},"content":{"rendered":"<h2>Sport et bien-\u00eatre, nature et plaisir pour tous les \u00e2ges!<\/h2>\n<div style=\"clear: both;\">\n<h3>Adriatic Golf Club &#8211; Cervia<\/h3>\n<p><strong>Le sport rencontre la nature \u00e0 l\u2019Adriatic Golf de Cervia<\/strong><\/p>\n<p>Viale Jelenia Gora, 6 &#8211; 48015 Cervia (RA) www.golfcervia.com\/it\/<\/p>\n<p><img loading=\"lazy\" decoding=\"async\" class=\"size-medium wp-image-817 alignleft\" src=\"https:\/\/www.massihotels.com\/wp-content\/uploads\/2020\/03\/Cosa-fare-01-Massi-Hotels-640x420.jpg\" alt=\"\" width=\"640\" height=\"420\" data-big-size=\"800x533\" \/><\/p>\n<p>Dans des espaces verts magnifiques, plong\u00e9s dans la fra\u00eecheur et dans le clame de la pin\u00e8de s\u00e9culaire de Cervia, se dresse l&rsquo;un des clubs les plus renomm\u00e9s d&rsquo;Italie. Sur un parcours s\u00e9duisant, parsem\u00e9 de lacs saum\u00e2tres, bunkers de sable et envelopp\u00e9 dans l&rsquo;ombre de la pin\u00e8de, le Golf Club de Cervia saura ensorceler les passionn\u00e9s du green gr\u00e2ce \u00e0 un trac\u00e9 vari\u00e9 et surprenant comprenant 27 trous.Le trac\u00e9 s&rsquo;articule sur une surface de presque 100 hectares et sera \u00e0 m\u00eame de vous offrir les ambiances typiques de links \u00e9cossais dans les 9 premiers trous ainsi qu&rsquo;un parcours en style nord-am\u00e9ricain dans les 9 seconds.<\/p>\n<p>Les 9 trous restants, de conception r\u00e9cente, offrent un design moderne et s\u00e9duisant qui invite de fa\u00e7on irr\u00e9sistible \u00e0 jouer au golf. En outre, gr\u00e2ce au climat doux de la C\u00f4te Romagnole, \u00e0 l&rsquo;Adriatic Golf Club de Cervia vous pouvez tr\u00e8s bien vous consacrer \u00e0 votre sport pr\u00e9f\u00e9r\u00e9 toute l&rsquo;ann\u00e9e, m\u00eame dans les journ\u00e9es les plus lourdes de l&rsquo;\u00e9t\u00e9 gr\u00e2ce \u00e0 la brise marine unique et rafra\u00eechissante de la Mer adriatique.<\/p>\n<p>Le tout est enrichi de services nombreux offerts par le Club de Cervia qui assurent un s\u00e9jour exclusif pour les passionn\u00e9s du golf : location compl\u00e8te des mat\u00e9riels, vestiaire, bar, restaurant, shop et la pr\u00e9sence de moniteurs qualifi\u00e9s.<\/p>\n<\/div>\n<div style=\"clear: both;\">\n<hr \/>\n<\/div>\n<div style=\"clear: both;\">\n<h3>Thermes &#8211; Cervia<\/h3>\n<p><strong>Le Bien-\u00eatre a son si\u00e8ge \u00e0 Cervia<\/strong><\/p>\n<p>Viale Jelenia Gora, 6 &#8211; 48015 Cervia (RA)<\/p>\n<p><img loading=\"lazy\" decoding=\"async\" class=\"wp-image-822 size-medium alignleft\" src=\"https:\/\/www.massihotels.com\/wp-content\/uploads\/2020\/03\/Cosa-fare-02-Massi-Hotels-640x420.jpg\" alt=\"\" width=\"640\" height=\"420\" data-big-size=\"800x533\" \/><\/p>\n<p>Les Thermes se dressent entour\u00e9es de l&rsquo;ombre rafra\u00eechissante de la pin\u00e8de maritime s\u00e9culaire et splendide de Cervia. Un ensemble thermal tout \u00e0 fait moderne et fonctionnel qui enfonce ses racines dans le temps et qui peut vanter, derri\u00e8re soi, une longue histoire au service des soins et du bien-\u00eatre.<br \/>\nLes propri\u00e9t\u00e9s b\u00e9n\u00e9fiques de l&rsquo;eau salso-bromo-iodique et l&rsquo;\u00e9treinte salutaire des boues extraites directement des salines de Cervia, \u00e9taient d\u00e9j\u00e0 connues \u00e0 l&rsquo;\u00e9poque \u00e9trusque et le temps n&rsquo;a fait que confirmer l&rsquo;efficacit\u00e9 et l&rsquo;utilit\u00e9 de ces traitements thermaux.<\/p>\n<p>Les Thermes de Cervia se pr\u00e9sentent \u00e0 l&rsquo;heure actuelle comme une structure efficace et susceptible d&rsquo;offrir \u00e0 ses utilisateurs un traitement personnalis\u00e9 et le professionnalisme maximum, gr\u00e2ce \u00e0 une \u00e9quipe de professionnels qualifi\u00e9s. L&rsquo;id\u00e9al pour conjuguer le soin du bien-\u00eatre et de l&rsquo;esprit avec une vacance d\u00e9lassante sur les plages de Milano Marittima et Cervia.<\/p>\n<\/div>\n<div style=\"clear: both;\">\n<hr \/>\n<h3>R\u00e9serves naturelles &#8211; Cervia, Ravenna<\/h3>\n<p><strong>27 hectares de parc naturel, y compris les animaux et les plantes pour trouver la tranquillit\u00e9<\/strong><\/p>\n<p>Via Forlanini 48015 Cervia<\/p>\n<p><img loading=\"lazy\" decoding=\"async\" class=\"wp-image-826 size-medium alignleft\" src=\"https:\/\/www.massihotels.com\/wp-content\/uploads\/2020\/03\/Cosa-fare-03-Massi-Hotels-640x420.jpg\" alt=\"\" width=\"640\" height=\"420\" data-big-size=\"800x533\" \/><\/p>\n<p>La zone du parc naturel s&rsquo;\u00e9tend sur 27 hectares et il fu ouvert en 1963 pour proteger l&rsquo;environnement<br \/>\nParc Naturel.<\/p>\n<p>On peut y faire une promenade dans la nature et voir plusieur animaux: \u00e2nes, daims, chevaux, cerfs, ch\u00e8vres, vaches de la Romagne, canards, cygnes, oies, faisans et paons. En plus il y a aussi un parcour botanique \u00e0 la d\u00e9couverte de la flore de la pin\u00e8de.<\/p>\n<\/div>\n<div style=\"clear: both;\">\n<hr \/>\n<h3>Parcs d&rsquo;attractions &#8211; Ravenna<\/h3>\n<p>Mirabilandia e Safari, Ravenna<\/p>\n<p><img loading=\"lazy\" decoding=\"async\" class=\"wp-image-830 size-medium alignleft\" src=\"https:\/\/www.massihotels.com\/wp-content\/uploads\/2020\/03\/Cosa-fare-04-Massi-Hotels-640x420.jpg\" alt=\"\" width=\"640\" height=\"420\" data-big-size=\"800x533\" \/><\/p>\n<p>Mirabilandia est situ\u00e9 \u00e0 quelques kilom\u00e8tres de Ravenne, \u00e0 proximit\u00e9 des plus c\u00e9l\u00e8bres stations baln\u00e9aires de la c\u00f4te Adriatique et \u00e0 la pin\u00e8de de Classe. Il s&rsquo;\u00e9tire autour de trois petits lacs o\u00f9 diverses esp\u00e8ces d&rsquo;oiseaux utilisent pour nicher, y compris les oiseaux migrateurs, et se compose de deux parties principales: un parc \u00e0 th\u00e8me et Mirabeach parc aquatique. Le parc \u00e0 th\u00e8me est entour\u00e9 de verdure et comprend des attractions d&rsquo;eau et m\u00e9caniques h\u00e9bergement spectacles pour toute la famille.<\/p>\n<p>Le parc aquatique est le foyer de piscines, toboggans et plages artificielles. Pour entrer Mirabeach parc de l&rsquo;eau, vous devez payer un suppl\u00e9ment pour le prix du billet Mirabilandia ou payer un billet sp\u00e9cial accrue exclusivement pour Mirabeach.<\/p>\n<\/div>\n<div style=\"clear: both;\">\n<hr \/>\n<h3>Sports nautiques &#8211; Club Nautique<\/h3>\n<p><strong>Impossible de ne pas aimer la mer<\/strong><\/p>\n<p>Via Ruggero Leoncavallo, 9, 48015 Cervia www.circolonauticocervia.it<\/p>\n<p><img loading=\"lazy\" decoding=\"async\" class=\"wp-image-834 size-medium alignleft\" src=\"https:\/\/www.massihotels.com\/wp-content\/uploads\/2020\/03\/Cosa-fare-05-Massi-Hotels-640x420.jpg\" alt=\"\" width=\"640\" height=\"420\" data-big-size=\"800x533\" \/><\/p>\n<p>Impossible de ne pas appr\u00e9cier la s\u00e9duction de l&rsquo;inconnu, la brise qui gonfle les voiles et le doux bercement de la houle. Cervia, en sa qualit\u00e9 de ville de mer et de vieux bourg de p\u00eacheurs et marins, est, il va sans dire, li\u00e9e par un cordon ombilical indissoluble \u00e0 sa mer : l&rsquo;Adriatique. Il est \u00e9vident qu&rsquo;\u00e0 Cervia se situe l&rsquo;un des clubs nautiques les plus importants de tout l&rsquo;Adriatique avec plus de 300 \u00e9l\u00e8ves inscrits et avec la possibilit\u00e9 de se mesurer dans de nombreuses classes de la Voile.<\/p>\n<p>Le Club Nautique de Cervia se distingue par sa culture, son histoire et ses initiatives et chaque ann\u00e9e il organise de nombreux \u00e9v\u00e9nements tels que l&rsquo;arriv\u00e9e d&rsquo;une \u00e9tape du Tour d&rsquo;Italie \u00e0 la Voile. Une grande partie des \u00e9nergies, comme toujours, sont en outre r\u00e9serv\u00e9es \u00e0 l&rsquo;enseignement de l&rsquo;art de la Voile avec une s\u00e9rie de professionnels pr\u00eats \u00e0 vous recevoir et \u00e0 vous faire approcher de la mer dans l&rsquo;une des Ecoles de la Voile les plus prestigieuses d&rsquo;Italie.<\/p>\n<\/div>\n<div style=\"clear: both;\">\n<hr \/>\n<h3>Foires &#8211; Un emplacement strat\u00e9gique<\/h3>\n<p><strong>D\u00e9tente et confort apr\u00e8s le juste chaos<\/strong><\/p>\n<p>\u00e0 quelques kilom\u00e8tres des principales autoroutes<\/p>\n<p><img loading=\"lazy\" decoding=\"async\" class=\"wp-image-838 size-medium alignleft\" src=\"https:\/\/www.massihotels.com\/wp-content\/uploads\/2020\/03\/Cosa-fare-06-Massi-Hotels-640x420.jpg\" alt=\"\" width=\"640\" height=\"420\" data-big-size=\"800x533\" \/>Milano Marittima, raison de son emplacement strat\u00e9gique, est une base id\u00e9ale pour atteindre les principaux centres d&rsquo;exposition de la r\u00e9gion, est en fait seulement quelques kilom\u00e8tres de l&rsquo;autoroute \u00e0 Cesena, Rimini, Ravenne et Faenza.<\/p>\n<p>M\u00eame dans notre r\u00e9gion \u00e9v\u00e9nements ont lieu, surtout en \u00e9t\u00e9 d&rsquo;une grande importance. Rester \u00e0 Milano Marittima ou Lido di Savio salon est certainement une situation id\u00e9ale pour trouver le bon se d\u00e9tendre et profiter des services de qualit\u00e9 apr\u00e8s l&rsquo;exposition de chaos.<\/p>\n<\/div>\n<div style=\"clear: both;\">\n<hr \/>\n<h3>Pin\u00e8de<\/h3>\n<p><strong>Une salle de sport en plein air, un lieu de paix et d&rsquo;harmonie<\/strong><\/p>\n<p>900 hectares Cervia &#8211; Ravenna<\/p>\n<p><img loading=\"lazy\" decoding=\"async\" class=\"wp-image-842 size-medium alignleft\" src=\"https:\/\/www.massihotels.com\/wp-content\/uploads\/2020\/03\/Cosa-fare-07-Massi-Hotels-640x420.jpg\" alt=\"\" width=\"640\" height=\"420\" data-big-size=\"800x533\" \/>Imaginez un environnement vierge avec des chemins ombrag\u00e9s et calme, une salle de gym en plein air o\u00f9 l&rsquo;activit\u00e9 physique dans la libert\u00e9 absolue, de trouver la paix et l&rsquo;harmonie &#8230;<br \/>\nvoir progressivement la plage sauvage qui s&rsquo;ouvre devant vous.<\/p>\n<\/div>\n<div style=\"clear: both;\">\n<hr \/>\n<h3>Tennis<\/h3>\n<p>Via Jelenia Gora 2, 48015 Cervia www.circolotenniscerviamilanomarittima.it<\/p>\n<p><img loading=\"lazy\" decoding=\"async\" class=\"alignleft wp-image-846 size-medium\" src=\"https:\/\/www.massihotels.com\/wp-content\/uploads\/2020\/03\/Cosa-fare-08-Massi-Hotels-640x420.jpg\" alt=\"\" width=\"640\" height=\"420\" data-big-size=\"800x533\" \/><\/p>\n<p><strong>Milano Marittima est la ville du tennis<\/strong><\/p>\n<p>La localit\u00e9 adriatique est caract\u00e9ris\u00e9e par un nombre tr\u00e8s \u00e9lev\u00e9 de terrains rouges, vous donnant la possibilit\u00e9 concr\u00e8te de disputer votre sport pr\u00e9f\u00e9r\u00e9 m\u00eame au cours des vacances. Le c\u0153ur du tennis de la ville c&rsquo;est le Tennis Club de Cervia, qui confine avec la pin\u00e8de maritime s\u00e9culaire et ombrag\u00e9e et en \u00e9tat de satisfaire \u00e0 toutes les exigences des passionn\u00e9s de la raquette, en offrant une s\u00e9rie de services r\u00e9alis\u00e9s \u00e0 l&rsquo;\u00e9chelle du joueur de tennis. Le point de force du club de Cervia sont les terrains : parfaits en ce qui concerne le soin apport\u00e9 ainsi que la qualit\u00e9 et sc\u00e8ne de l&rsquo;\u00e9dition 1982 de la Coupe Davis.<\/p>\n<p>En outre, en juillet le tennis \u00e0 Cervia rime avec Vip Master. Le Vip Master est un rendez-vous mondain-sportif historique, r\u00e9unissant en \u00e9t\u00e9 \u00e0 Cervia les c\u00e9l\u00e9brit\u00e9s du spectacle, de la culture et du sport les plus illustres. Des dizaines de Vip chevronn\u00e9s pr\u00eats \u00e0 se d\u00e9fier, \u00e0 coups de raquette, en vue de la conqu\u00eate du tournoi prestigieux. Pour mieux comprendre la popularit\u00e9 de l&rsquo;\u00e9v\u00e9nement, il suffit d&rsquo;\u00e9num\u00e9rer quelques personnalit\u00e9s qui ont enrichi le Vip Master ces derni\u00e8res ann\u00e9es : le Prince Albert de Monaco, Manuela Arcuri, Paolo Bonolis, Antonio Cabrini, Loris Capirossi, Giampiero Galeazzi, Massimo Giletti, Valeria Marini, Eros Ramazzotti, Christian Vieri et Pippo Inzaghi.<\/p>\n<hr \/>\n<\/div>\n","protected":false},"excerpt":{"rendered":"<p>Sport et bien-\u00eatre, nature et plaisir pour tous les \u00e2ges! Adriatic Golf Club &#8211; Cervia Le sport rencontre la nature \u00e0 l\u2019Adriatic Golf de Cervia Viale Jelenia Gora, 6 &#8211; 48015 Cervia (RA) www.golfcervia.com\/it\/ Dans des espaces verts magnifiques, plong\u00e9s dans la fra\u00eecheur et dans le clame de la pin\u00e8de s\u00e9culaire de Cervia, se dresse l&rsquo;un des clubs les plus renomm\u00e9s d&rsquo;Italie. Sur un parcours s\u00e9duisant, parsem\u00e9 de lacs saum\u00e2tres, &#8230;<\/p>\n","protected":false},"author":1,"featured_media":0,"parent":0,"menu_order":0,"comment_status":"closed","ping_status":"closed","template":"","meta":{"_acf_changed":false},"class_list":["post-932","page","type-page","status-publish","hentry"],"acf":[],"_links":{"self":[{"href":"https:\/\/www.massihotels.com\/fr\/wp-json\/wp\/v2\/pages\/932","targetHints":{"allow":["GET"]}}],"collection":[{"href":"https:\/\/www.massihotels.com\/fr\/wp-json\/wp\/v2\/pages"}],"about":[{"href":"https:\/\/www.massihotels.com\/fr\/wp-json\/wp\/v2\/types\/page"}],"author":[{"embeddable":true,"href":"https:\/\/www.massihotels.com\/fr\/wp-json\/wp\/v2\/users\/1"}],"replies":[{"embeddable":true,"href":"https:\/\/www.massihotels.com\/fr\/wp-json\/wp\/v2\/comments?post=932"}],"version-history":[{"count":0,"href":"https:\/\/www.massihotels.com\/fr\/wp-json\/wp\/v2\/pages\/932\/revisions"}],"wp:attachment":[{"href":"https:\/\/www.massihotels.com\/fr\/wp-json\/wp\/v2\/media?parent=932"}],"curies":[{"name":"wp","href":"https:\/\/api.w.org\/{rel}","templated":true}]}}