{"id":917,"date":"2020-02-19T17:42:30","date_gmt":"2020-02-19T16:42:30","guid":{"rendered":"https:\/\/www.massihotels.com\/servizi-hotel-imperiale\/"},"modified":"2022-07-14T12:23:32","modified_gmt":"2022-07-14T10:23:32","slug":"services-hotel-imperiale","status":"publish","type":"page","link":"https:\/\/www.massihotels.com\/fr\/services-hotel-imperiale\/","title":{"rendered":"Services \u00e0 votre disposition"},"content":{"rendered":"<p>Satisfaire les besoins de tous nos clients c&rsquo;est le principal objectif de notre travail. C&rsquo;est pourquoi, l&rsquo;H\u00f4tel Imperiale a con\u00e7u une s\u00e9rie de services pour rendre votre s\u00e9jour \u00e0 Milano Marittima inoubliable et tout \u00e0 fait sp\u00e9cial.<\/p>\n<h4>Chambre<\/h4>\n<p>Les chambres (et salles de bains s&rsquo;y reliant) sont enti\u00e8rement r\u00e9nov\u00e9es, climatis\u00e9es et \u00e9quip\u00e9es de tout confort. A votre disposition:<\/p>\n<ul>\n<li>TV en couleurs par satellite<\/li>\n<li>Mini-bar<\/li>\n<li>Coffre-fort<\/li>\n<li>S\u00e8che-cheveux<\/li>\n<li>Ample balcon avec vue panoramique<\/li>\n<\/ul>\n<h4>Milieux communs<\/h4>\n<p>Les milieux communs sont un concentr\u00e9 d&rsquo;\u00e9l\u00e9gance et d&rsquo;utilit\u00e9 pratique, au rez-de-chauss\u00e9e nous disposons:<\/p>\n<ul>\n<li>Bar<\/li>\n<li>Salle TV<\/li>\n<li>Salle fitness<\/li>\n<li>Salle petit d\u00e9jeuner confortable qui vous permettra de commencer au mieux votre journ\u00e9e (en \u00e9t\u00e9 le petit d\u00e9jeuner peut \u00eatre servi m\u00eame au grand air, dans notre jardin).<\/li>\n<\/ul>\n<h4>Cuisine<\/h4>\n<p>L&rsquo;H\u00f4tel Imperiale se distingue non seulement par la beaut\u00e9 de ses milieux, mais aussi par son go\u00fbt, notre chef sera en mesure de vous accompagner quotidiennement dans un voyage exquis sous le signe du go\u00fbt et du raffinement. La cuisine locale et internationale est la protagoniste<\/p>\n<ul>\n<li>Menu vari\u00e9 de viande et de poisson \u00e0 votre disposition<\/li>\n<li>Tout entour\u00e9 d&rsquo;un vaste buffet de l\u00e9gumes et d&rsquo;entr\u00e9es<\/li>\n<\/ul>\n<h4>Piscine<\/h4>\n<p>De m\u00eame que la structure enti\u00e8re et les salles de bains de l&rsquo;H\u00f4tel Imperiale, la piscine aussi a \u00e9t\u00e9 r\u00e9alis\u00e9e en suivant des crit\u00e8res de qualit\u00e9, \u00e9l\u00e9gance et utilit\u00e9 pratique. L&rsquo;eau propre et un service continu de surveillance compl\u00e8tent l&rsquo;offre. <strong>Et pour vos enfants ?<\/strong> Eh bien, nous avons pens\u00e9 \u00e0 eux aussi : dans un <strong>angle de la piscine, dans un mini-bassin circulaire<\/strong>, se situe un emplacement express\u00e9ment r\u00e9serv\u00e9 aux plus petits avec l&rsquo;eau moins profonde. A votre disposition un <strong>bassin hydromassage o\u00f9 vous d\u00e9contracter, tonifier les muscles et jouir d&rsquo;un massage d\u00e9licat et chaud<\/strong>.<\/p>\n<p>L\u2019 H\u00f4tel dispose de <strong>piscine chauff\u00e9e<\/strong> pour les adultes et pour les enfants, <strong>hydromassage dans le jardin<\/strong>, climatisation, salle de t\u00e9l\u00e9vision, 2 ascenseurs, mini gymnase, bain turc avec chrome et aromath\u00e9rapie, service de <strong>wi-fi, v\u00e9los \u00e0 disposition (jusqu&rsquo;\u00e0 \u00e9puisement) et place de parking (pour un co\u00fbt suppl\u00e9mentaire et jusqu&rsquo;\u00e0 \u00e9puisement)<\/strong>.<\/p>\n<p>Les chambres sont avec baignoire ou douche, s\u00e9che-cheveux, t\u00e9l\u00e9phone, climatisation, coffre-fort, TV SAT et minibar.<\/p>\n<p>LES PRIX COMPRENNENT: EAU, VIN ET SOFT DRINKS AUX REPAS INCLUS, Service, TVA, climatisation dans la chambre, petit d\u00e9jeuner \u00e0 buffet, d\u00e9jeuner et diner avec menu au choix et buffet de hors d\u2019\u0153uvres, salades, legumes et desserts.<\/p>\n<h4>Taxe de sejour<\/h4>\n<ul>\n<li>Euro 2,50\u00a0 par jour par personne pour en sejour de 7 nuits. Enfants 0-14 ans gratuit<\/li>\n<\/ul>\n<h4><\/h4>\n<ul>\n<li><strong>un enfant jusqu\u2019a&rsquo; 6 ans (dans la chambre des parents): 0-6 ans 70%, 7-8 ans 70%, 9- 12 ans 50%, 13-16 ans 40%.<\/strong><\/li>\n<li>deuxieme enfant: 0-8 ans 70%, 9-12 ans 50%, 13-16 ans 40%<\/li>\n<\/ul>\n<h4>Check in time 12.00 \/ check out time 10.00<\/h4>\n<h4>Aperitif une fois par semaine<\/h4>\n<h4>Assurance voyage<\/h4>\n<p><a href=\"https:\/\/www.aga-affiliate.it\/eng\/hotelimperiale\/\" target=\"_blank\" rel=\"noopener noreferrer\"><img loading=\"lazy\" decoding=\"async\" class=\"alignnone wp-image-921 size-medium\" src=\"https:\/\/www.massihotels.com\/wp-content\/uploads\/2020\/03\/allianz_en-300x250.jpg\" alt=\"\" width=\"300\" height=\"250\" data-big-size=\"300x250\" \/><\/a><\/p>\n","protected":false},"excerpt":{"rendered":"<p>Satisfaire les besoins de tous nos clients c&rsquo;est le principal objectif de notre travail. C&rsquo;est pourquoi, l&rsquo;H\u00f4tel Imperiale a con\u00e7u une s\u00e9rie de services pour rendre votre s\u00e9jour \u00e0 Milano Marittima inoubliable et tout \u00e0 fait sp\u00e9cial. Chambre Les chambres (et salles de bains s&rsquo;y reliant) sont enti\u00e8rement r\u00e9nov\u00e9es, climatis\u00e9es et \u00e9quip\u00e9es de tout confort. A votre disposition: TV en couleurs par satellite Mini-bar Coffre-fort S\u00e8che-cheveux Ample balcon avec vue &#8230;<\/p>\n","protected":false},"author":1,"featured_media":478,"parent":0,"menu_order":0,"comment_status":"closed","ping_status":"closed","template":"","meta":{"_acf_changed":false},"class_list":["post-917","page","type-page","status-publish","has-post-thumbnail","hentry"],"acf":[],"_links":{"self":[{"href":"https:\/\/www.massihotels.com\/fr\/wp-json\/wp\/v2\/pages\/917","targetHints":{"allow":["GET"]}}],"collection":[{"href":"https:\/\/www.massihotels.com\/fr\/wp-json\/wp\/v2\/pages"}],"about":[{"href":"https:\/\/www.massihotels.com\/fr\/wp-json\/wp\/v2\/types\/page"}],"author":[{"embeddable":true,"href":"https:\/\/www.massihotels.com\/fr\/wp-json\/wp\/v2\/users\/1"}],"replies":[{"embeddable":true,"href":"https:\/\/www.massihotels.com\/fr\/wp-json\/wp\/v2\/comments?post=917"}],"version-history":[{"count":0,"href":"https:\/\/www.massihotels.com\/fr\/wp-json\/wp\/v2\/pages\/917\/revisions"}],"wp:featuredmedia":[{"embeddable":true,"href":"https:\/\/www.massihotels.com\/fr\/wp-json\/wp\/v2\/media\/478"}],"wp:attachment":[{"href":"https:\/\/www.massihotels.com\/fr\/wp-json\/wp\/v2\/media?parent=917"}],"curies":[{"name":"wp","href":"https:\/\/api.w.org\/{rel}","templated":true}]}}