{"id":883,"date":"2016-07-29T12:11:55","date_gmt":"2016-07-29T10:11:55","guid":{"rendered":"https:\/\/www.massihotels.com\/pagina-di-esempio\/"},"modified":"2020-03-19T08:51:11","modified_gmt":"2020-03-19T07:51:11","slug":"pagina-di-esempio","status":"publish","type":"page","link":"https:\/\/www.massihotels.com\/fr\/","title":{"rendered":"Massi Hotels, h\u00f4tels de classe \u00e0 Milano Marittima et Lido di Savio"},"content":{"rendered":"<p>Le groupe Massi H\u00f4tels est heureux de vous recevoir dans ses h\u00f4tels. Dans le cadre splendide de Milano Marittima et Lido di Savio, une garantie absolue de qualit\u00e9 pour vos vacances, le groupe Massi vous offre l&rsquo;attrait r\u00e9gal de l&rsquo;<strong>H\u00f4tel Imperiale ****<\/strong>, innovatrice structure <strong>Kontiki Suites<\/strong> et le professionnalisme ainsi que l&rsquo;amabilit\u00e9 de l&rsquo;<strong>H\u00f4tel Man ***<\/strong>.<\/p>\n","protected":false},"excerpt":{"rendered":"<p>Le groupe Massi H\u00f4tels est heureux de vous recevoir dans ses h\u00f4tels. Dans le cadre splendide de Milano Marittima et Lido di Savio, une garantie absolue de qualit\u00e9 pour vos vacances, le groupe Massi vous offre l&rsquo;attrait r\u00e9gal de l&rsquo;H\u00f4tel Imperiale ****, innovatrice structure Kontiki Suites et le professionnalisme ainsi que l&rsquo;amabilit\u00e9 de l&rsquo;H\u00f4tel Man ***.<\/p>\n","protected":false},"author":1,"featured_media":0,"parent":0,"menu_order":0,"comment_status":"closed","ping_status":"open","template":"","meta":{"_acf_changed":false},"class_list":["post-883","page","type-page","status-publish","hentry"],"acf":[],"_links":{"self":[{"href":"https:\/\/www.massihotels.com\/fr\/wp-json\/wp\/v2\/pages\/883","targetHints":{"allow":["GET"]}}],"collection":[{"href":"https:\/\/www.massihotels.com\/fr\/wp-json\/wp\/v2\/pages"}],"about":[{"href":"https:\/\/www.massihotels.com\/fr\/wp-json\/wp\/v2\/types\/page"}],"author":[{"embeddable":true,"href":"https:\/\/www.massihotels.com\/fr\/wp-json\/wp\/v2\/users\/1"}],"replies":[{"embeddable":true,"href":"https:\/\/www.massihotels.com\/fr\/wp-json\/wp\/v2\/comments?post=883"}],"version-history":[{"count":0,"href":"https:\/\/www.massihotels.com\/fr\/wp-json\/wp\/v2\/pages\/883\/revisions"}],"wp:attachment":[{"href":"https:\/\/www.massihotels.com\/fr\/wp-json\/wp\/v2\/media?parent=883"}],"curies":[{"name":"wp","href":"https:\/\/api.w.org\/{rel}","templated":true}]}}