{"id":857,"date":"2016-12-23T11:10:32","date_gmt":"2016-12-23T10:10:32","guid":{"rendered":"https:\/\/www.massihotels.com\/offerte\/"},"modified":"2020-03-04T11:00:22","modified_gmt":"2020-03-04T10:00:22","slug":"offres","status":"publish","type":"page","link":"https:\/\/www.massihotels.com\/fr\/offres\/","title":{"rendered":"Notre offres"},"content":{"rendered":"<p>D\u00e9couvrez nos toutes nos propri\u00e9t\u00e9s, choisissez vos vacances \u00e0 la Riviera de Romagne, nous vous aiderons \u00e0 le rendre parfait!<\/p>\n","protected":false},"excerpt":{"rendered":"<p>D\u00e9couvrez nos toutes nos propri\u00e9t\u00e9s, choisissez vos vacances \u00e0 la Riviera de Romagne, nous vous aiderons \u00e0 le rendre parfait!<\/p>\n","protected":false},"author":1,"featured_media":0,"parent":0,"menu_order":0,"comment_status":"closed","ping_status":"closed","template":"template\/template.offerte.php","meta":{"_acf_changed":false},"class_list":["post-857","page","type-page","status-publish","hentry"],"acf":[],"_links":{"self":[{"href":"https:\/\/www.massihotels.com\/fr\/wp-json\/wp\/v2\/pages\/857","targetHints":{"allow":["GET"]}}],"collection":[{"href":"https:\/\/www.massihotels.com\/fr\/wp-json\/wp\/v2\/pages"}],"about":[{"href":"https:\/\/www.massihotels.com\/fr\/wp-json\/wp\/v2\/types\/page"}],"author":[{"embeddable":true,"href":"https:\/\/www.massihotels.com\/fr\/wp-json\/wp\/v2\/users\/1"}],"replies":[{"embeddable":true,"href":"https:\/\/www.massihotels.com\/fr\/wp-json\/wp\/v2\/comments?post=857"}],"version-history":[{"count":0,"href":"https:\/\/www.massihotels.com\/fr\/wp-json\/wp\/v2\/pages\/857\/revisions"}],"wp:attachment":[{"href":"https:\/\/www.massihotels.com\/fr\/wp-json\/wp\/v2\/media?parent=857"}],"curies":[{"name":"wp","href":"https:\/\/api.w.org\/{rel}","templated":true}]}}