{"id":1100,"date":"2019-03-13T12:06:53","date_gmt":"2019-03-13T11:06:53","guid":{"rendered":"https:\/\/www.massihotels.com\/dati-societari\/"},"modified":"2020-05-14T09:41:52","modified_gmt":"2020-05-14T07:41:52","slug":"donnees-sur-la-societe","status":"publish","type":"page","link":"https:\/\/www.massihotels.com\/fr\/donnees-sur-la-societe\/","title":{"rendered":"Donn\u00e9es sur la soci\u00e9t\u00e9"},"content":{"rendered":"<h3>Donn\u00e9es sur la soci\u00e9t\u00e9 Hotel Imperiale e Kontiki<\/h3>\n<p>D\u00e9nomination et raison sociale : <strong>HOTEL IMPERIALE SRL\u00a0<\/strong><br \/>\nSi\u00e8ge l\u00e9gal : <strong>PIAZZALE TORINO N.1 CERVIA (RA)<\/strong><br \/>\nBureau registre des entreprises : <strong>RAVENNA<\/strong><br \/>\nDate acte de constitution : <strong>26\/10\/1988<\/strong><br \/>\nDate inscription au registre des entreprises : <strong>10\/01\/1989<\/strong><br \/>\nCapital social : <strong>109900<\/strong><br \/>\nCode d\u2019identification fiscale et n\u00b0 TVA : <strong>00824780407 &#8211; n\u00b0 TVA 1091990398<\/strong><br \/>\nCourrier \u00e9lectronique certifi\u00e9 (PEC) : <strong>hotelimperialesrl@legalmail.it<\/strong><br \/>\nNum\u00e9ro R\u00e9pertoire \u00e9conomique administratif (Rea) : <strong>119795<\/strong><\/p>\n<h3>Donn\u00e9es sur la soci\u00e9t\u00e9 Hotel Man<\/h3>\n<p>D\u00e9nomination et raison sociale : <strong>MAN S.A.S. DI MASSI CORRADO E C.<\/strong><br \/>\nSi\u00e8ge l\u00e9gal : <strong>VIA LAVEZZOLA N.1 LIDO DI SAVIO (RA)<\/strong><br \/>\nBureau registre des entreprises : <strong>RAVENNA<\/strong><br \/>\nDate acte de constitution : <strong>25\/01\/1969<\/strong><br \/>\nDate inscription au registre des entreprises : <strong>26\/02\/1969<\/strong><br \/>\nCapital social : <strong>99.159,72<\/strong><br \/>\nCode d\u2019identification fiscale et n\u00b0 TVA : <strong>00164440398<\/strong><br \/>\nCourrier \u00e9lectronique certifi\u00e9 (PEC) :<strong> hotelimperialesrl@legalmail.it<\/strong><br \/>\nNum\u00e9ro R\u00e9pertoire \u00e9conomique administratif (Rea) : <strong>67487<\/strong><\/p>\n","protected":false},"excerpt":{"rendered":"<p>Donn\u00e9es sur la soci\u00e9t\u00e9 Hotel Imperiale e Kontiki D\u00e9nomination et raison sociale : HOTEL IMPERIALE SRL\u00a0 Si\u00e8ge l\u00e9gal : PIAZZALE TORINO N.1 CERVIA (RA) Bureau registre des entreprises : RAVENNA Date acte de constitution : 26\/10\/1988 Date inscription au registre des entreprises : 10\/01\/1989 Capital social : 109900 Code d\u2019identification fiscale et n\u00b0 TVA : 00824780407 &#8211; n\u00b0 TVA 1091990398 Courrier \u00e9lectronique certifi\u00e9 (PEC) : hotelimperialesrl@legalmail.it Num\u00e9ro R\u00e9pertoire \u00e9conomique administratif &#8230;<\/p>\n","protected":false},"author":1,"featured_media":0,"parent":0,"menu_order":0,"comment_status":"closed","ping_status":"closed","template":"","meta":{"_acf_changed":false},"class_list":["post-1100","page","type-page","status-publish","hentry"],"acf":[],"_links":{"self":[{"href":"https:\/\/www.massihotels.com\/fr\/wp-json\/wp\/v2\/pages\/1100","targetHints":{"allow":["GET"]}}],"collection":[{"href":"https:\/\/www.massihotels.com\/fr\/wp-json\/wp\/v2\/pages"}],"about":[{"href":"https:\/\/www.massihotels.com\/fr\/wp-json\/wp\/v2\/types\/page"}],"author":[{"embeddable":true,"href":"https:\/\/www.massihotels.com\/fr\/wp-json\/wp\/v2\/users\/1"}],"replies":[{"embeddable":true,"href":"https:\/\/www.massihotels.com\/fr\/wp-json\/wp\/v2\/comments?post=1100"}],"version-history":[{"count":0,"href":"https:\/\/www.massihotels.com\/fr\/wp-json\/wp\/v2\/pages\/1100\/revisions"}],"wp:attachment":[{"href":"https:\/\/www.massihotels.com\/fr\/wp-json\/wp\/v2\/media?parent=1100"}],"curies":[{"name":"wp","href":"https:\/\/api.w.org\/{rel}","templated":true}]}}