{"id":1000,"date":"2020-03-02T16:51:17","date_gmt":"2020-03-02T15:51:17","guid":{"rendered":"https:\/\/www.massihotels.com\/servizi-hotel-man-lido-di-savio\/"},"modified":"2022-06-28T07:47:43","modified_gmt":"2022-06-28T05:47:43","slug":"services-hotel-man-lido-di-savio","status":"publish","type":"page","link":"https:\/\/www.massihotels.com\/fr\/services-hotel-man-lido-di-savio\/","title":{"rendered":"Services \u00e0 votre disposition"},"content":{"rendered":"<p>Pratique et fonctionnel, l&rsquo;H\u00f4tel Man de Lido di Savio est \u00e0 m\u00eame de vous offrir une s\u00e9rie de services r\u00e9alis\u00e9s, en vue de satisfaire \u00e0 toutes vos exigences.<\/p>\n<h4>Chambre<\/h4>\n<p>Les chambres, r\u00e9cemment restructur\u00e9es, assurent un niveau tr\u00e8s \u00e9lev\u00e9 de confort et sont toutes dot\u00e9es d&rsquo;un ample balcon qui vous fera cadeau, le soir et le matin, de la brise fra\u00eeche de l&rsquo;Adriatique. Toutes les chambres sont dot\u00e9es :<\/p>\n<ul>\n<li>Douche<\/li>\n<li>Salles de bains avec bidet<\/li>\n<li>T\u00e9l\u00e9phone<\/li>\n<li>Coffre-fort<\/li>\n<li>TV en couleurs par Satellite<\/li>\n<li>Sur demande, air conditionn\u00e9<\/li>\n<\/ul>\n<p>L&rsquo;H\u00f4tel Man dispose, en outre, de studios se composant de deux chambres communicantes et de deux salles de bains, l&rsquo;id\u00e9al pour les exigences de familles particuli\u00e8rement nombreuses.<\/p>\n<h4>Milieux communs<\/h4>\n<p>Les milieux communs sont soign\u00e9s et <strong>compl\u00e8tement climatis\u00e9s<\/strong>.<\/p>\n<h4>Piscine et Plage<\/h4>\n<p>Le bassin est ample et confortable, situ\u00e9 dans une position strat\u00e9gique et constamment ensoleill\u00e9e en vue d&rsquo;un relax chaud et salutaire au bord de la piscine. L&rsquo;H\u00f4tel Man met \u00e0 votre disposition non seulement l&rsquo;usage (gratuit) de la piscine, mais aussi l&rsquo;utilisation de:<\/p>\n<ul>\n<li>Une cabine<\/li>\n<li>Parasol + T ransat et chaise longue sur le bord de la piscine<\/li>\n<\/ul>\n<p><strong>Parasol et lit de soleil dans notre plage<\/strong><\/p>\n<h4>Cuisine<\/h4>\n<p>Notre chef vous proposera dans un menu au choix, des sp\u00e9cialit\u00e9s de la cuisine locale et internationale, viande et poisson et, en plus, pour encadrer un repas parfait, un vaste buffet de l\u00e9gumes et d&rsquo;entr\u00e9es. M\u00eame le petit d\u00e9jeuner, toujours abondant, vous sera servi au buffet dans notre salle.<\/p>\n<h4>Taxe de sejour<\/h4>\n<ul>\n<li>Euro 2,00 par jour par personne pour en sejour de 7 nuits<\/li>\n<li>Euro 2,50 Enfants 0-14 ans gratuit<\/li>\n<\/ul>\n<h4>Reductions pour les s\u00e9jours d\u2019au moins 5 jours<\/h4>\n<ul>\n<li>1 enfant 0-6 ans gratuit, non valable de 03.08 \u00e0 30.08<\/li>\n<li>enfants jusqu\u2019\u00e0 6 ans (dans la chambre des parents) r\u00e9duction du 70%, de 7 \u00e0 12 ans 50%, de 13 \u00e0 16 ans 30%.<\/li>\n<li>reduction demi-pension 10%<\/li>\n<li>3\u00b0 lit adult 10% de reduction<\/li>\n<\/ul>\n<h4>Suplements<\/h4>\n<ul>\n<li>chambre a 1 lit majoration du 20%<\/li>\n<li>majoration chambre double utilisee en simple 50%<\/li>\n<li>majoration pour periode inferieure a 3 jours<\/li>\n<\/ul>\n<h4>Check in time \u00e0 partir de 12.00h &#8211; check out time avant 10.00h<\/h4>\n<h4>Assurance voyage<\/h4>\n<p><a href=\"https:\/\/www.aga-affiliate.it\/eng\/hotelman\/\" target=\"_blank\" rel=\"noopener noreferrer\"><img loading=\"lazy\" decoding=\"async\" class=\"alignnone wp-image-921 size-medium\" src=\"https:\/\/www.massihotels.com\/wp-content\/uploads\/2020\/03\/allianz_en-300x250.jpg\" alt=\"\" width=\"300\" height=\"250\" data-big-size=\"300x250\" \/><\/a><\/p>\n","protected":false},"excerpt":{"rendered":"<p>Pratique et fonctionnel, l&rsquo;H\u00f4tel Man de Lido di Savio est \u00e0 m\u00eame de vous offrir une s\u00e9rie de services r\u00e9alis\u00e9s, en vue de satisfaire \u00e0 toutes vos exigences. Chambre Les chambres, r\u00e9cemment restructur\u00e9es, assurent un niveau tr\u00e8s \u00e9lev\u00e9 de confort et sont toutes dot\u00e9es d&rsquo;un ample balcon qui vous fera cadeau, le soir et le matin, de la brise fra\u00eeche de l&rsquo;Adriatique. Toutes les chambres sont dot\u00e9es : Douche Salles &#8230;<\/p>\n","protected":false},"author":1,"featured_media":570,"parent":0,"menu_order":0,"comment_status":"closed","ping_status":"closed","template":"","meta":{"_acf_changed":false},"class_list":["post-1000","page","type-page","status-publish","has-post-thumbnail","hentry"],"acf":[],"_links":{"self":[{"href":"https:\/\/www.massihotels.com\/fr\/wp-json\/wp\/v2\/pages\/1000","targetHints":{"allow":["GET"]}}],"collection":[{"href":"https:\/\/www.massihotels.com\/fr\/wp-json\/wp\/v2\/pages"}],"about":[{"href":"https:\/\/www.massihotels.com\/fr\/wp-json\/wp\/v2\/types\/page"}],"author":[{"embeddable":true,"href":"https:\/\/www.massihotels.com\/fr\/wp-json\/wp\/v2\/users\/1"}],"replies":[{"embeddable":true,"href":"https:\/\/www.massihotels.com\/fr\/wp-json\/wp\/v2\/comments?post=1000"}],"version-history":[{"count":0,"href":"https:\/\/www.massihotels.com\/fr\/wp-json\/wp\/v2\/pages\/1000\/revisions"}],"wp:featuredmedia":[{"embeddable":true,"href":"https:\/\/www.massihotels.com\/fr\/wp-json\/wp\/v2\/media\/570"}],"wp:attachment":[{"href":"https:\/\/www.massihotels.com\/fr\/wp-json\/wp\/v2\/media?parent=1000"}],"curies":[{"name":"wp","href":"https:\/\/api.w.org\/{rel}","templated":true}]}}