{"id":995,"date":"2020-03-02T18:08:52","date_gmt":"2020-03-02T17:08:52","guid":{"rendered":"https:\/\/www.massihotels.com\/servizi-hotel-kontiki-milano-maittima\/"},"modified":"2020-03-20T11:30:40","modified_gmt":"2020-03-20T10:30:40","slug":"dienstleistungen-hotel-kontiki-milano-marittima","status":"publish","type":"page","link":"https:\/\/www.massihotels.com\/de\/dienstleistungen-hotel-kontiki-milano-marittima\/","title":{"rendered":"Dienstleistungen zu ihrer verf\u00fcgung"},"content":{"rendered":"<p>Die Appartments sind modern und schalldicht und verf\u00fcgen \u00fcber warme und kalte Klimaanlage, Telefon, Wi-Fi gratis. TV-LCD-SAT, Wannen und Duschen mit Wassermassage, F\u00f6hn und Tresor.<\/p>\n<h4>Wellness in Suites&#8230;<\/h4>\n<ul>\n<li>Warme und kalte Klimaanlage<\/li>\n<li>Telefon<\/li>\n<li>Wi-Fi gratis<\/li>\n<li>TV-LCD-SAT<\/li>\n<li>Wannen und Duschen mit Wassermassage<\/li>\n<li>F\u00f6hn<\/li>\n<li>Tresor<\/li>\n<\/ul>\n<h4>&#8230; und au\u00dferhalb!<\/h4>\n<ul>\n<li>Garten mit Jacuzzi<\/li>\n<li>Fr\u00fchst\u00fcck bis 12.00 Uhr<\/li>\n<\/ul>\n<h4>Check in ab 15.00 Uhr Check out bis 12.00 Uhr<\/h4>\n<h4>Reiseversicherung<\/h4>\n<ul>\n<li>Die Anzahlung wird nur zur\u00fcckerstattet, wenn sie \u00fcber den Link gesichert ist<\/li>\n<\/ul>\n<p><a href=\"https:\/\/www.aga-affiliate.it\/deu\/kontikisuites\/\" target=\"_blank\" rel=\"noopener noreferrer\"><img loading=\"lazy\" decoding=\"async\" class=\"alignnone wp-image-925 size-medium\" src=\"https:\/\/www.massihotels.com\/wp-content\/uploads\/2020\/03\/allianz_de-300x250.jpg\" alt=\"\" width=\"300\" height=\"250\" data-big-size=\"300x250\" \/><\/a><\/p>\n","protected":false},"excerpt":{"rendered":"<p>Die Appartments sind modern und schalldicht und verf\u00fcgen \u00fcber warme und kalte Klimaanlage, Telefon, Wi-Fi gratis. TV-LCD-SAT, Wannen und Duschen mit Wassermassage, F\u00f6hn und Tresor. Wellness in Suites&#8230; Warme und kalte Klimaanlage Telefon Wi-Fi gratis TV-LCD-SAT Wannen und Duschen mit Wassermassage F\u00f6hn Tresor &#8230; und au\u00dferhalb! Garten mit Jacuzzi Fr\u00fchst\u00fcck bis 12.00 Uhr Check in ab 15.00 Uhr Check out bis 12.00 Uhr Reiseversicherung Die Anzahlung wird nur zur\u00fcckerstattet, wenn &#8230;<\/p>\n","protected":false},"author":1,"featured_media":626,"parent":0,"menu_order":0,"comment_status":"closed","ping_status":"closed","template":"","meta":{"_acf_changed":false},"class_list":["post-995","page","type-page","status-publish","has-post-thumbnail","hentry"],"acf":[],"_links":{"self":[{"href":"https:\/\/www.massihotels.com\/de\/wp-json\/wp\/v2\/pages\/995","targetHints":{"allow":["GET"]}}],"collection":[{"href":"https:\/\/www.massihotels.com\/de\/wp-json\/wp\/v2\/pages"}],"about":[{"href":"https:\/\/www.massihotels.com\/de\/wp-json\/wp\/v2\/types\/page"}],"author":[{"embeddable":true,"href":"https:\/\/www.massihotels.com\/de\/wp-json\/wp\/v2\/users\/1"}],"replies":[{"embeddable":true,"href":"https:\/\/www.massihotels.com\/de\/wp-json\/wp\/v2\/comments?post=995"}],"version-history":[{"count":0,"href":"https:\/\/www.massihotels.com\/de\/wp-json\/wp\/v2\/pages\/995\/revisions"}],"wp:featuredmedia":[{"embeddable":true,"href":"https:\/\/www.massihotels.com\/de\/wp-json\/wp\/v2\/media\/626"}],"wp:attachment":[{"href":"https:\/\/www.massihotels.com\/de\/wp-json\/wp\/v2\/media?parent=995"}],"curies":[{"name":"wp","href":"https:\/\/api.w.org\/{rel}","templated":true}]}}