{"id":933,"date":"2020-03-03T14:56:29","date_gmt":"2020-03-03T13:56:29","guid":{"rendered":"https:\/\/www.massihotels.com\/milanomarittima-lidodisavio\/"},"modified":"2020-03-20T10:40:20","modified_gmt":"2020-03-20T09:40:20","slug":"milanomarittima-lidodisavio","status":"publish","type":"page","link":"https:\/\/www.massihotels.com\/de\/milanomarittima-lidodisavio\/","title":{"rendered":"Enjoy Milano Marittima und Lido di Savio"},"content":{"rendered":"<h2>Sport und Wellness, Natur und Spa\u00df f\u00fcr alle Altersgruppen!<\/h2>\n<div style=\"clear: both;\">\n<h3>Adriatic Golf Club &#8211; Cervia<\/h3>\n<p><strong>Beim Adriatic Golf Club in Cervia treffen Sport und Natur aufeinander<\/strong><\/p>\n<p>Viale Jelenia Gora, 6 &#8211; 48015 Cervia (RA) www.golfcervia.com\/it\/<\/p>\n<p><img loading=\"lazy\" decoding=\"async\" class=\"size-medium wp-image-817 alignleft\" src=\"https:\/\/www.massihotels.com\/wp-content\/uploads\/2020\/03\/Cosa-fare-01-Massi-Hotels-640x420.jpg\" alt=\"\" width=\"640\" height=\"420\" data-big-size=\"800x533\" \/><\/p>\n<p>In einer wundersch\u00f6nen Gr\u00fcnanlage, eingebettet in der k\u00fchlen Ruhe des jahrhundertealten Pinienwaldes befindet sich einer der beliebtesten und renommierten Klubs Italiens. Entlang seinen faszinierenden Routings, die vom schattigen Pinienwald umgeben sind, befinden sich Salzwasserseen und Sandbunker: der Golf Club Cervia wird in der Lage sein, die Green-Begeisterten durch seine variierten Strecken und die verbl\u00fcffenden 27 L\u00f6chern zu inspirieren. Seine 100-Hektar Fl\u00e4che bietet sowohl die typische Atmosph\u00e4re des schottischen Links bei den ersten 9 L\u00f6chern als auch ein Routing im nordamerikanischen Stil bei den folgenden 9 L\u00f6chern.<\/p>\n<p>Die \u00fcbrigen 9 L\u00f6cher sind neulich realisiert worden, und zwar nach einem modernen und attraktiven Design, das diesen Sport noch unwiderstehlicher gestaltet. Dank des milden Wetters, ist es im Golf Club Cervia m\u00f6glich, das ganze Jahr \u00fcber zu spielen. So k\u00f6nnen Sie sich sogar in den hei\u00dfesten Sommertagen Ihrem Lieblingssport zu widmen, w\u00e4hrend die k\u00fchlende Meeres-Brise Sie streichelt.<\/p>\n<\/div>\n<div style=\"clear: both;\">\n<hr \/>\n<\/div>\n<div style=\"clear: both;\">\n<h3>Thermen von Cervia<\/h3>\n<p><strong>Cervia ist die Wellness-Stadt&#8230;<\/strong><\/p>\n<p>Viale Jelenia Gora, 6 &#8211; 48015 Cervia (RA)<\/p>\n<p><img loading=\"lazy\" decoding=\"async\" class=\"wp-image-822 size-medium alignleft\" src=\"https:\/\/www.massihotels.com\/wp-content\/uploads\/2020\/03\/Cosa-fare-02-Massi-Hotels-640x420.jpg\" alt=\"\" width=\"640\" height=\"420\" data-big-size=\"800x533\" \/><\/p>\n<p>Im k\u00fchlen Schatten des gr\u00fcnen, jahrhundertealten Pinienwaldes von Cervia. liegen die Thermen.<br \/>\nDiese moderne, zweckm\u00e4\u00dfige Anlage r\u00fchmt sich einer langj\u00e4hrigen Tradition im Dienst der Gesundheit und des Wohlbefindens. Schon zur Zeit der Etrusker waren die wohltuenden, wirksamen Eigenschaften vom Thalasso-Wasser und Schlamm aus den Salinen von Cervia bekannt, und im Laufe der Jahrhunderte sind diese Eigenschaften immer mehr und besser bei diesen SPA Behandlungen angewandt worden.<\/p>\n<p>Heute gelten die Thermen von Cervia als leistungsf\u00e4hige Anlage, die ihren Benutzern angemessene Therapien und h\u00f6chste Professionalit\u00e4t des hochqualifizierten Fachteams zur Verf\u00fcgung stellen k\u00f6nnen. Die ideale Gelegenheit, Wellness und Entspannung mit einem Urlaub am Meer in Milano Marittima zu kombinieren.<\/p>\n<\/div>\n<div style=\"clear: both;\">\n<hr \/>\n<h3>Naturparks &#8211; Cervia, Ravenna<\/h3>\n<p><strong>Der 27 Hektar grosse Pinienwald<\/strong><\/p>\n<p>Via Forlanini 48015 Cervia<\/p>\n<p><img loading=\"lazy\" decoding=\"async\" class=\"wp-image-826 size-medium alignleft\" src=\"https:\/\/www.massihotels.com\/wp-content\/uploads\/2020\/03\/Cosa-fare-03-Massi-Hotels-640x420.jpg\" alt=\"\" width=\"640\" height=\"420\" data-big-size=\"800x533\" \/><\/p>\n<p>Cervia Naturpark genannt, wurde im Jahre 1963 mit dem Ziel er\u00f6ffnet, einen betr\u00e4chtlichen Teil dieser typischen nat\u00fcrlichen Umgebung zu sch\u00fctzen. Der Park wurde speziell f\u00fcr Besucher verf\u00fcgbar und vergn\u00fcglich gemacht. Der Naturpark ist der ideale Ort, wo man Stunden in absoluter Ruhe verbringen kann. Man kann dort auch vergessene D\u00fcfte und Ger\u00e4usche wieder entdecken. Kurz gesagt, einfach wieder mit der Natur in Ber\u00fchrung kommen. Es ist ein richtiger botanischer Garten mit verschiedenen Verl\u00e4ufen.<\/p>\n<\/div>\n<div style=\"clear: both;\">\n<hr \/>\n<h3>Freizeitparks &#8211; Ravenna<\/h3>\n<p><strong>Schauplatz von unterhaltsamen Shows f\u00fcr die ganze Familie sind!<\/strong><\/p>\n<p>Mirabilandia und Safari, Ravenna<\/p>\n<p><img loading=\"lazy\" decoding=\"async\" class=\"wp-image-830 size-medium alignleft\" src=\"https:\/\/www.massihotels.com\/wp-content\/uploads\/2020\/03\/Cosa-fare-04-Massi-Hotels-640x420.jpg\" alt=\"\" width=\"640\" height=\"420\" data-big-size=\"800x533\" \/><\/p>\n<p>Der Vergn\u00fcgungspark <strong>Mirabilandia<\/strong> liegt wenige Kilometer von Ravenna entfernt, in der N\u00e4he der ber\u00fchmten Badeorte der Riviera Romagnola und des Pinienwalds Classe. Mirabilandia erstreckt sich um zwei kleine Seen, wo unterschiedliche Vogelarten nisten, und besteht aus zwei Teilen: dem <strong>Themenpark<\/strong> und dem <strong>Wasserpark Mirabeach<\/strong>.<\/p>\n<p>Der Themenpark ist reich an Gr\u00fcnfl\u00e4chen und umfasst viele Wasser- und mechanische Attraktionen, die der Schauplatz von unterhaltsamen Shows f\u00fcr die ganze Familie sind. Im Wasserpark Mirabeach befinden sich Schwimmb\u00e4der, Wasserrutschen sowie k\u00fcnstliche Str\u00e4nde; der Zugang zu Mirabeach erfolgt durch die Bezahlung eines Mehrpreises oder durch den Erwerb einer spezifischen erh\u00f6hten Karte.<\/p>\n<\/div>\n<div style=\"clear: both;\">\n<hr \/>\n<h3>Wassersport &#8211; Segel Club<\/h3>\n<p><strong>Das Meer zu lieben ist f\u00fcr uns alle ein ganz nat\u00fcrliches Gef\u00fchl <\/strong><\/p>\n<p>Via Ruggero Leoncavallo, 9, 48015 Cervia www.circolonauticocervia.it<\/p>\n<p><img loading=\"lazy\" decoding=\"async\" class=\"wp-image-834 size-medium alignleft\" src=\"https:\/\/www.massihotels.com\/wp-content\/uploads\/2020\/03\/Cosa-fare-05-Massi-Hotels-640x420.jpg\" alt=\"\" width=\"640\" height=\"420\" data-big-size=\"800x533\" \/><\/p>\n<p>Jeder von uns liebt die Faszination des Unbekannten, den Wind, der die Segel bl\u00e4ht, oder die Wellen, die das Boot sanft wiegen.<br \/>\nAls Meeresortschaft und alter Fischer- und Matrosenhafen hat Cervia einen unaufl\u00f6sbaren Bund zur Adria. Es ist also ganz selbstverst\u00e4ndlich, dass es hier einen der wichtigsten Yacht Clubs der Adria gibt, der \u00fcber 300 Sch\u00fcler z\u00e4hlt und die M\u00f6glichkeit anbietet, die verschiedenen Segelvarianten auszuprobieren.<\/p>\n<p>Der Yacht Club Cervias r\u00fchmt sich einer langen Tradition und Geschichte und bietet jedes Jahr zahlreiche Ereignisse, wie u. a. die Ankunfts-Etappe der Segeltour Italiens. Die meiste Energie wird nat\u00fcrlich der Lehre der Segelkunst gewidmet, da diese namhafte Segelschule \u00fcber eine Reihe von Profi-Trainern verf\u00fcgt, die Sie in die Navigation einf\u00fchren werden.<\/p>\n<\/div>\n<div style=\"clear: both;\">\n<hr \/>\n<h3>Fairs<\/h3>\n<p><strong>Entspannung und Komfort nach dem Chaos Ausstellung<\/strong><\/p>\n<p><img loading=\"lazy\" decoding=\"async\" class=\"wp-image-838 size-medium alignleft\" src=\"https:\/\/www.massihotels.com\/wp-content\/uploads\/2020\/03\/Cosa-fare-06-Massi-Hotels-640x420.jpg\" alt=\"\" width=\"640\" height=\"420\" data-big-size=\"800x533\" \/>Milano Marittima, dank seiner strategischen Lage, ist ein idealer Ausgangspunkt, um die wichtigsten Ausstellungszentren in der Region zu erreichen, ist in der Tat nur wenige Kilometer von der Autobahn nach Cesena, Rimini, Ravenna und Faenza. Auch in unserer Region Veranstaltungen statt, vor allem im Sommer von gro\u00dfer Bedeutung.<\/p>\n<p>Der Aufenthalt in Milano Marittima oder Lido di Savio Messe ist auf jeden Fall eine ideale Situation zu finden, die richtigen entspannen und genie\u00dfen Servicequalit\u00e4t nach dem Chaos Ausstellung.<\/p>\n<\/div>\n<div style=\"clear: both;\">\n<hr \/>\n<h3>Kiefernholz<\/h3>\n<p><strong>Ein Open-Air-Fitness-Studio, ein Ort des Friedens und Harmonie<\/strong><\/p>\n<p><img loading=\"lazy\" decoding=\"async\" class=\"wp-image-842 size-medium alignleft\" src=\"https:\/\/www.massihotels.com\/wp-content\/uploads\/2020\/03\/Cosa-fare-07-Massi-Hotels-640x420.jpg\" alt=\"\" width=\"640\" height=\"420\" data-big-size=\"800x533\" \/>Der <strong>Pinienwald von San Vitale<\/strong> ist der breiteste und n\u00f6rdlichste Teil der Waldfl\u00e4che, die in der Vergangenheit die Stadt Ravenna vom Meer trennte.<\/p>\n<p>Die Landschaft ist durch feuchte Niederungen und aus alten D\u00fcnenketten gebildete h\u00f6here Gebiete (die sogenannten \u201estaggi\u201c) gekennzeichnet, die sich in einem Wald von oft im Wasser bis zum Stamm eingetauchten Pinien, Eschen, Silber-Pappel, Eichen und Stieleichen \u00f6ffnen.<\/p>\n<\/div>\n<div style=\"clear: both;\">\n<hr \/>\n<h3>Tennis &#8211; Cervia<\/h3>\n<p>Via Jelenia Gora 2, 48015 Cervia www.circolotenniscerviamilanomarittima.it<\/p>\n<p><img loading=\"lazy\" decoding=\"async\" class=\"alignleft wp-image-846 size-medium\" src=\"https:\/\/www.massihotels.com\/wp-content\/uploads\/2020\/03\/Cosa-fare-08-Massi-Hotels-640x420.jpg\" alt=\"\" width=\"640\" height=\"420\" data-big-size=\"800x533\" \/><\/p>\n<p><strong>Milano Marittima gilt als eine Tennisstadt<\/strong><\/p>\n<p>Die Ortschaft an der Adria ist durch eine unendliche Zahl von Tennispl\u00e4tze aus roter Erde gekennzeichnet. Damit besteht immer die konkrete M\u00f6glichkeit, Ihren Lieblingssport auch w\u00e4hrend Ihrer Ferien zu spielen.<br \/>\nDas Herz der Tennisstadt ist der Tennis Club Cervia, der am Rand des jahrhundertealten Pinienwaldes liegt und mit einer ganzen Reihe von gezielten Dienstleistungen und Ausr\u00fcstungen alle Anspr\u00fcche der Tennisliebhaber erf\u00fcllen kann.<br \/>\nDie St\u00e4rke des Klubs sind die Spielpl\u00e4tze, perfekt gepflegt sowie in der Menge als auch in der Qualit\u00e4t. Hier hat sich das Davis Cup Turnier 1986 abgespielt.<\/p>\n<p>Im Juli ist hier das VIP Master Tennis Turnier zu Gast, ein traditionelles und mond\u00e4nes Ereignis, das jeden Sommer die ber\u00fchmtesten Pers\u00f6nlichkeiten vom Show-Business und vom kulturellen und sportlichen Bereich nach Cervia zieht. Duzende k\u00e4mpferische VIPs tragen ihre Herausforderungen mit ihren Schl\u00e4gern aus, um das namhafte Tennisturnier zu gewinnen. Die Liste einiger Pers\u00f6nlichkeiten, die das VIP Master in den letzen Jahren belebt haben, l\u00e4sst uns vieles \u00fcber den Ruf dieser Veranstaltung verstehen: F\u00fcrst Albert von Monaco, Manuela Arcuri, Paolo Bonolis, Antonio Cabrini, Loris Capirossi, Giampiero Galeazzi, Massimo Giletti, Valeria Marini, Eros Ramazzotti, Christian Vieri und Pippo Inzaghi.<\/p>\n<hr \/>\n<\/div>\n","protected":false},"excerpt":{"rendered":"<p>Sport und Wellness, Natur und Spa\u00df f\u00fcr alle Altersgruppen! Adriatic Golf Club &#8211; Cervia Beim Adriatic Golf Club in Cervia treffen Sport und Natur aufeinander Viale Jelenia Gora, 6 &#8211; 48015 Cervia (RA) www.golfcervia.com\/it\/ In einer wundersch\u00f6nen Gr\u00fcnanlage, eingebettet in der k\u00fchlen Ruhe des jahrhundertealten Pinienwaldes befindet sich einer der beliebtesten und renommierten Klubs Italiens. Entlang seinen faszinierenden Routings, die vom schattigen Pinienwald umgeben sind, befinden sich Salzwasserseen und Sandbunker: &#8230;<\/p>\n","protected":false},"author":1,"featured_media":0,"parent":0,"menu_order":0,"comment_status":"closed","ping_status":"closed","template":"","meta":{"_acf_changed":false},"class_list":["post-933","page","type-page","status-publish","hentry"],"acf":[],"_links":{"self":[{"href":"https:\/\/www.massihotels.com\/de\/wp-json\/wp\/v2\/pages\/933","targetHints":{"allow":["GET"]}}],"collection":[{"href":"https:\/\/www.massihotels.com\/de\/wp-json\/wp\/v2\/pages"}],"about":[{"href":"https:\/\/www.massihotels.com\/de\/wp-json\/wp\/v2\/types\/page"}],"author":[{"embeddable":true,"href":"https:\/\/www.massihotels.com\/de\/wp-json\/wp\/v2\/users\/1"}],"replies":[{"embeddable":true,"href":"https:\/\/www.massihotels.com\/de\/wp-json\/wp\/v2\/comments?post=933"}],"version-history":[{"count":0,"href":"https:\/\/www.massihotels.com\/de\/wp-json\/wp\/v2\/pages\/933\/revisions"}],"wp:attachment":[{"href":"https:\/\/www.massihotels.com\/de\/wp-json\/wp\/v2\/media?parent=933"}],"curies":[{"name":"wp","href":"https:\/\/api.w.org\/{rel}","templated":true}]}}