{"id":884,"date":"2016-07-29T12:11:55","date_gmt":"2016-07-29T10:11:55","guid":{"rendered":"https:\/\/www.massihotels.com\/pagina-di-esempio\/"},"modified":"2020-03-19T08:45:08","modified_gmt":"2020-03-19T07:45:08","slug":"pagina-di-esempio","status":"publish","type":"page","link":"https:\/\/www.massihotels.com\/de\/","title":{"rendered":"Massi Hotels, Klassehotels in Milano Marittima und Lido di Savio"},"content":{"rendered":"<p>Die Gruppe Massi Hotels freut sich, Sie in ihren Hotels zu empfangen. Diese Hotelanlagen befinden sich im wundersch\u00f6nen Rahmen von Milano Marittima und Lido di Savio und bieten Ihnen eine perfekte Garantie f\u00fcr einen hochqualitativen Urlaub sowohl in der noblen Atmosph\u00e4re des 4-Sterne <strong>Hotels Imperiale<\/strong> und <strong>Kontiky Suites<\/strong> als auch durch die Professionalit\u00e4t und H\u00f6flichkeit des 3-Sterne <strong>Hotels Man<\/strong>.<\/p>\n","protected":false},"excerpt":{"rendered":"<p>Die Gruppe Massi Hotels freut sich, Sie in ihren Hotels zu empfangen. Diese Hotelanlagen befinden sich im wundersch\u00f6nen Rahmen von Milano Marittima und Lido di Savio und bieten Ihnen eine perfekte Garantie f\u00fcr einen hochqualitativen Urlaub sowohl in der noblen Atmosph\u00e4re des 4-Sterne Hotels Imperiale und Kontiky Suites als auch durch die Professionalit\u00e4t und H\u00f6flichkeit des 3-Sterne Hotels Man.<\/p>\n","protected":false},"author":1,"featured_media":0,"parent":0,"menu_order":0,"comment_status":"closed","ping_status":"open","template":"","meta":{"_acf_changed":false},"class_list":["post-884","page","type-page","status-publish","hentry"],"acf":[],"_links":{"self":[{"href":"https:\/\/www.massihotels.com\/de\/wp-json\/wp\/v2\/pages\/884","targetHints":{"allow":["GET"]}}],"collection":[{"href":"https:\/\/www.massihotels.com\/de\/wp-json\/wp\/v2\/pages"}],"about":[{"href":"https:\/\/www.massihotels.com\/de\/wp-json\/wp\/v2\/types\/page"}],"author":[{"embeddable":true,"href":"https:\/\/www.massihotels.com\/de\/wp-json\/wp\/v2\/users\/1"}],"replies":[{"embeddable":true,"href":"https:\/\/www.massihotels.com\/de\/wp-json\/wp\/v2\/comments?post=884"}],"version-history":[{"count":0,"href":"https:\/\/www.massihotels.com\/de\/wp-json\/wp\/v2\/pages\/884\/revisions"}],"wp:attachment":[{"href":"https:\/\/www.massihotels.com\/de\/wp-json\/wp\/v2\/media?parent=884"}],"curies":[{"name":"wp","href":"https:\/\/api.w.org\/{rel}","templated":true}]}}