{"id":1001,"date":"2020-03-02T16:51:17","date_gmt":"2020-03-02T15:51:17","guid":{"rendered":"https:\/\/www.massihotels.com\/servizi-hotel-man-lido-di-savio\/"},"modified":"2022-06-28T07:48:30","modified_gmt":"2022-06-28T05:48:30","slug":"dienstleistungen-hotel-man-lido-di-savio","status":"publish","type":"page","link":"https:\/\/www.massihotels.com\/de\/dienstleistungen-hotel-man-lido-di-savio\/","title":{"rendered":"Dienstleistungen zu ihrer verf\u00fcgung"},"content":{"rendered":"<h4>Zimmer<\/h4>\n<p>Die neulich renovierten Zimmer gew\u00e4hrleisten einen hohen Komfortstandard und sind alle mit einem breiten Balkon ausgestattet, der Ihnen die k\u00fchle Meeresbrise aus der Adria sowohl morgens als auch abends genie\u00dfen l\u00e4sst.<\/p>\n<ul>\n<li>Dusche<\/li>\n<li>Toilette und Bidet<\/li>\n<li>Sie sind mit Telefon<\/li>\n<li>Safe<\/li>\n<li>Farbfernseher mit Satellitenanschluss<\/li>\n<li>Klimaanlage (auf Anfrage) ausgestattet<\/li>\n<\/ul>\n<p>Im Hotel sind auch kleine Apartments, bestehend aus zwei Zimmern mit Verbindungst\u00fcr und zwei Badezimmern, die die ideale Unterbringung f\u00fcr gr\u00f6\u00dfere Familien sind.<\/p>\n<h4>Gemeinsame R\u00e4ume<\/h4>\n<p>Die Aufenthaltsr\u00e4ume sind sorgf\u00e4ltig eingerichtet und gepflegt und mit Klimaanlage ausger\u00fcstet.<\/p>\n<h4>Schwimmbad und Strand<\/h4>\n<p>Das Schwimmbad ist breit und komfortabel, es liegt in einer g\u00fcnstigen Lage, in der es den ganzen Tag von der Sonne erreicht wird. Damit wird eine gesunde und warme Entspannung am Rand des Becken immer garantiert.<\/p>\n<p>Das Hotel Man stellt zur Verf\u00fcgung der G\u00e4ste nicht nur sein sch\u00f6nes Schwimmbad, sondern es bietet auch die kostenlose Benutzung.<\/p>\n<p><strong>Sonnenschirm und Sonnenliege Nutzung, unser Strand<\/strong><\/p>\n<h4>K\u00fcche<\/h4>\n<p>Unser Kochchef wird Ihnen t\u00e4glich in seinem Wahlmenu leckere Gerichte:<\/p>\n<ul>\n<li><strong> Fleisch und Fisch <\/strong>von der lokalen und internationalen K\u00fcche vorschlagen<\/li>\n<li>Begleitet durch ein variiertes <strong>Gem\u00fcse- und Vorspeiseb\u00fcffet<\/strong><\/li>\n<li>Das immer <strong>reichhaltiges Fr\u00fchst\u00fcck wird auch am B\u00fcffet<\/strong> in unserem Speisesaal serviert<\/li>\n<\/ul>\n<h4>Kurtaxe<\/h4>\n<ul>\n<li>pro Tag pro Person f\u00fcr einen Zeitraum um vom maximal 7 N\u00e4chte<\/li>\n<li>Kinder 0-14 Jahre al frei<\/li>\n<\/ul>\n<h4>Erm\u00e4ssigungen f\u00fcr Aufenthalte von mindestens 5 Tagen<\/h4>\n<ul>\n<li>1 Kind 0-6 Jahre GRATIS, nicht g\u00fcltig von 03.08 bis 30.08<\/li>\n<li>Kindererm\u00e4\u00dfigung (im Zimmer mit Eltern) bis 6 Jahre alt 70%, ab 7 bis 12 Jahre alt 50%, ab 13 bis 16 Jahre alt 30%<\/li>\n<li>halbpension erm\u00e4\u00dfigung 10%<\/li>\n<li>bett erwachsene 10%erm\u00e4\u00dfigung<\/li>\n<\/ul>\n<h4>Zuschl\u00e4ge<\/h4>\n<ul>\n<li>einzelzimmer zuschlag 20%<\/li>\n<li>doppel als einzel zuschlag 50%<\/li>\n<li>zuschlag f\u00fcr eine periode niedriger 3 tage<\/li>\n<\/ul>\n<h4>Check in ab 12.00 uhr check out 10.00 uhr<\/h4>\n<h4>Reiseversicherung<\/h4>\n<p><a href=\"https:\/\/www.aga-affiliate.it\/deu\/hotelman\/\" target=\"_blank\" rel=\"noopener noreferrer\"><img loading=\"lazy\" decoding=\"async\" class=\"alignnone wp-image-925 size-medium\" src=\"https:\/\/www.massihotels.com\/wp-content\/uploads\/2020\/03\/allianz_de-300x250.jpg\" alt=\"\" width=\"300\" height=\"250\" data-big-size=\"300x250\" \/><\/a><\/p>\n<p>&nbsp;<\/p>\n","protected":false},"excerpt":{"rendered":"<p>Zimmer Die neulich renovierten Zimmer gew\u00e4hrleisten einen hohen Komfortstandard und sind alle mit einem breiten Balkon ausgestattet, der Ihnen die k\u00fchle Meeresbrise aus der Adria sowohl morgens als auch abends genie\u00dfen l\u00e4sst. Dusche Toilette und Bidet Sie sind mit Telefon Safe Farbfernseher mit Satellitenanschluss Klimaanlage (auf Anfrage) ausgestattet Im Hotel sind auch kleine Apartments, bestehend aus zwei Zimmern mit Verbindungst\u00fcr und zwei Badezimmern, die die ideale Unterbringung f\u00fcr gr\u00f6\u00dfere Familien &#8230;<\/p>\n","protected":false},"author":1,"featured_media":571,"parent":0,"menu_order":0,"comment_status":"closed","ping_status":"closed","template":"","meta":{"_acf_changed":false},"class_list":["post-1001","page","type-page","status-publish","has-post-thumbnail","hentry"],"acf":[],"_links":{"self":[{"href":"https:\/\/www.massihotels.com\/de\/wp-json\/wp\/v2\/pages\/1001","targetHints":{"allow":["GET"]}}],"collection":[{"href":"https:\/\/www.massihotels.com\/de\/wp-json\/wp\/v2\/pages"}],"about":[{"href":"https:\/\/www.massihotels.com\/de\/wp-json\/wp\/v2\/types\/page"}],"author":[{"embeddable":true,"href":"https:\/\/www.massihotels.com\/de\/wp-json\/wp\/v2\/users\/1"}],"replies":[{"embeddable":true,"href":"https:\/\/www.massihotels.com\/de\/wp-json\/wp\/v2\/comments?post=1001"}],"version-history":[{"count":0,"href":"https:\/\/www.massihotels.com\/de\/wp-json\/wp\/v2\/pages\/1001\/revisions"}],"wp:featuredmedia":[{"embeddable":true,"href":"https:\/\/www.massihotels.com\/de\/wp-json\/wp\/v2\/media\/571"}],"wp:attachment":[{"href":"https:\/\/www.massihotels.com\/de\/wp-json\/wp\/v2\/media?parent=1001"}],"curies":[{"name":"wp","href":"https:\/\/api.w.org\/{rel}","templated":true}]}}